{"id":6,"date":"2014-03-28T13:33:49","date_gmt":"2014-03-28T11:33:49","guid":{"rendered":"http:\/\/zahnarzt-elmschenhagen.de\/?page_id=6"},"modified":"2015-05-29T09:19:11","modified_gmt":"2015-05-29T07:19:11","slug":"wir-sind-fuer-sie-da","status":"publish","type":"page","link":"https:\/\/zahnarzt-elmschenhagen.de\/","title":{"rendered":"Wir sind f\u00fcr Sie da!"},"content":{"rendered":"<div aria-live=\"polite\" id=\"soliloquy-container-11\" class=\"soliloquy-container soliloquy-transition-fade soliloquy-theme-classic\" style=\"max-width:985px;max-height:563px;\"><ul id=\"soliloquy-11\" class=\"soliloquy-slider soliloquy-slides soliloquy-wrap soliloquy-clear\"><li aria-hidden=\"true\" class=\"soliloquy-item soliloquy-item-1 soliloquy-image-slide\" draggable=\"false\" style=\"list-style:none\"><img id=\"soliloquy-image-17\" class=\"soliloquy-image soliloquy-image-1\" src=\"https:\/\/zahnarzt-elmschenhagen.de\/wp-content\/uploads\/2014\/04\/Zahnarzt_Rothmaler_start_ji.jpg\" alt=\"Zahnarztpraxis Rothmaler Elmschenhagen\" \/><div class=\"soliloquy-caption\"><div class=\"soliloquy-caption-inside\">Zahnarztpraxis Rothmaler Elmschenhagen<\/div><\/div><\/li><li aria-hidden=\"true\" class=\"soliloquy-item soliloquy-item-2 soliloquy-image-slide\" draggable=\"false\" style=\"list-style:none\"><img id=\"soliloquy-image-16\" class=\"soliloquy-image soliloquy-image-2\" src=\"https:\/\/zahnarzt-elmschenhagen.de\/wp-content\/uploads\/2014\/04\/Zahnarzt_Rothmaler_Elm_Eingang022_b.jpg\" alt=\"Zahnarztpraxis Rothmaler Elmschenhagen Eingangsbereich\" \/><div class=\"soliloquy-caption\"><div class=\"soliloquy-caption-inside\">Zahnarztpraxis Rothmaler Elmschenhagen Eingangsbereich<\/div><\/div><\/li><\/ul><\/div><noscript><style type=\"text\/css\">#soliloquy-container-11{opacity:1}<\/style><\/noscript>\n<p>Liebe Patienten,<\/p>\n<p>Z\u00e4hne sind unsere Leidenschaft. Gesunde Z\u00e4hne von Anfang an.<br \/>\nWir helfen Ihnen dabei mit individuellen L\u00f6sungen. Lernen Sie uns pers\u00f6nlich kennen, wir freuen uns auf Sie.<\/p>\n<p>Viel Spa\u00df beim Rundgang durch unser Leistungs- und Serviceangebot w\u00fcnscht unser Praxisteam!<\/p>\n<p>Ihr<br \/>\nChristian Rothmaler<\/p>\n","protected":false},"excerpt":{"rendered":"<p>Liebe Patienten, Z\u00e4hne sind unsere Leidenschaft. Gesunde Z\u00e4hne von Anfang an. Wir helfen Ihnen dabei mit individuellen L\u00f6sungen. Lernen Sie uns pers\u00f6nlich kennen, wir freuen uns auf Sie. Viel Spa\u00df beim Rundgang durch unser Leistungs- und Serviceangebot w\u00fcnscht unser Praxisteam! Ihr Christian Rothmaler<\/p>\n","protected":false},"author":2,"featured_media":0,"parent":0,"menu_order":0,"comment_status":"closed","ping_status":"closed","template":"","meta":[],"_links":{"self":[{"href":"https:\/\/zahnarzt-elmschenhagen.de\/index.php?rest_route=\/wp\/v2\/pages\/6"}],"collection":[{"href":"https:\/\/zahnarzt-elmschenhagen.de\/index.php?rest_route=\/wp\/v2\/pages"}],"about":[{"href":"https:\/\/zahnarzt-elmschenhagen.de\/index.php?rest_route=\/wp\/v2\/types\/page"}],"author":[{"embeddable":true,"href":"https:\/\/zahnarzt-elmschenhagen.de\/index.php?rest_route=\/wp\/v2\/users\/2"}],"replies":[{"embeddable":true,"href":"https:\/\/zahnarzt-elmschenhagen.de\/index.php?rest_route=%2Fwp%2Fv2%2Fcomments&post=6"}],"version-history":[{"count":3,"href":"https:\/\/zahnarzt-elmschenhagen.de\/index.php?rest_route=\/wp\/v2\/pages\/6\/revisions"}],"predecessor-version":[{"id":126,"href":"https:\/\/zahnarzt-elmschenhagen.de\/index.php?rest_route=\/wp\/v2\/pages\/6\/revisions\/126"}],"wp:attachment":[{"href":"https:\/\/zahnarzt-elmschenhagen.de\/index.php?rest_route=%2Fwp%2Fv2%2Fmedia&parent=6"}],"curies":[{"name":"wp","href":"https:\/\/api.w.org\/{rel}","templated":true}]}}